{"id":1151,"date":"2023-04-21T22:06:09","date_gmt":"2023-04-21T22:06:09","guid":{"rendered":"https:\/\/livask.com\/?page_id=1151"},"modified":"2023-09-08T21:33:20","modified_gmt":"2023-09-08T21:33:20","slug":"estonia","status":"publish","type":"page","link":"https:\/\/livask.com\/?page_id=1151","title":{"rendered":"ESTONIA"},"content":{"rendered":"<h2 class=\"has-text-align-center wp-block-post-title has-text-color has-secondary-color has-large-font-size\">ESTONIA<\/h2>\n\n\n<div class=\"wp-block-group has-global-padding is-layout-constrained wp-container-core-group-is-layout-b2095ad6 wp-block-group-is-layout-constrained\">\n<figure class=\"wp-block-embed is-type-video is-provider-vimeo wp-block-embed-vimeo wp-embed-aspect-16-9 wp-has-aspect-ratio\"><div class=\"wp-block-embed__wrapper\">\n<iframe loading=\"lazy\" title=\"ESTONIA_TRL_H264_1080p25_178_ENSUBS_OV20\" src=\"https:\/\/player.vimeo.com\/video\/859116166?dnt=1&amp;app_id=122963\" width=\"500\" height=\"281\" frameborder=\"0\" allow=\"autoplay; fullscreen; picture-in-picture; clipboard-write\"><\/iframe>\n<\/div><\/figure>\n<\/div>\n\n\n\n<p class=\"has-text-align-center has-secondary-color has-text-color has-x-small-font-size\" style=\"line-height:1.5\">Directors: M\u00e5ns M\u00e5nsson &amp; Juuso Syrj\u00e4<br>FISHER KING<br>(Production Design)<br><\/p>\n\n\n\n<p><\/p>\n","protected":false},"excerpt":{"rendered":"<p>Directors: M\u00e5ns M\u00e5nsson &amp; Juuso Syrj\u00e4FISHER KING(Production Design)<\/p>\n","protected":false},"author":1,"featured_media":0,"parent":0,"menu_order":0,"comment_status":"closed","ping_status":"closed","template":"wp-custom-template-video-page","meta":{"_vp_format_video_url":"","_vp_image_focal_point":[],"_vp_custom_popup_image":0,"_vp_format_audio_url":"","_vp_custom_thumbnail":0,"_vp_custom_thumbnail_focal_point":[],"_vp_hover_thumbnail":0,"_vp_hover_thumbnail_focal_point":[],"footnotes":""},"class_list":["post-1151","page","type-page","status-publish","hentry"],"featured_media_urls":[],"_links":{"self":[{"href":"https:\/\/livask.com\/index.php?rest_route=\/wp\/v2\/pages\/1151","targetHints":{"allow":["GET"]}}],"collection":[{"href":"https:\/\/livask.com\/index.php?rest_route=\/wp\/v2\/pages"}],"about":[{"href":"https:\/\/livask.com\/index.php?rest_route=\/wp\/v2\/types\/page"}],"author":[{"embeddable":true,"href":"https:\/\/livask.com\/index.php?rest_route=\/wp\/v2\/users\/1"}],"replies":[{"embeddable":true,"href":"https:\/\/livask.com\/index.php?rest_route=%2Fwp%2Fv2%2Fcomments&post=1151"}],"version-history":[{"count":8,"href":"https:\/\/livask.com\/index.php?rest_route=\/wp\/v2\/pages\/1151\/revisions"}],"predecessor-version":[{"id":1455,"href":"https:\/\/livask.com\/index.php?rest_route=\/wp\/v2\/pages\/1151\/revisions\/1455"}],"wp:attachment":[{"href":"https:\/\/livask.com\/index.php?rest_route=%2Fwp%2Fv2%2Fmedia&parent=1151"}],"curies":[{"name":"wp","href":"https:\/\/api.w.org\/{rel}","templated":true}]}}